{"id":761,"date":"2022-05-18T09:39:04","date_gmt":"2022-05-18T07:39:04","guid":{"rendered":"http:\/\/www.revue-salariat.fr\/?page_id=761"},"modified":"2026-03-09T15:09:23","modified_gmt":"2026-03-09T14:09:23","slug":"seminaire-de-lies","status":"publish","type":"page","link":"https:\/\/www.revue-salariat.fr\/index.php\/73-2\/seminaire-de-lies\/","title":{"rendered":"SALARIAT &#8211; le s\u00e9minaire de l&rsquo;IES"},"content":{"rendered":"\n<h1 class=\"wp-block-heading has-text-color has-link-color wp-elements-c4e795e99da3a351d557da63d61dab72\" style=\"color:#058883\"><strong><strong>PROGRAMME 2026<\/strong><\/strong><\/h1>\n\n\n\n<p class=\"has-black-color has-text-color has-link-color wp-elements-e1fa9f31297a11b154210a36e3485dd6\" style=\"font-size:14px\"><em>Le s\u00e9minaire se tient \u00e0 l&rsquo;Universit\u00e9 Paris-Nanterre au rdc du b\u00e2timent Max Weber<\/em> <em>et<\/em> <em>en visioconf\u00e9rence : <\/em><a href=\"https:\/\/visio.numerique.gouv.fr\/ayr-wqwo-xbt\">https:\/\/visio.numerique.gouv.fr\/ayr-wqwo-xbt<\/a><\/p>\n\n\n\n<p class=\"has-black-color has-text-color has-link-color wp-elements-9bc906df8c865526cb4ee505cf4f44ef\" style=\"font-size:17px\"><strong>Lundi 2 f\u00e9vrier 2026<\/strong><\/p>\n\n\n\n<p class=\"has-black-color has-text-color has-link-color wp-elements-551e0c32d44cf7082c9288b4a68df8b3\" style=\"font-size:15px\"><strong>Le fil invisible du capital. D\u00e9chiffrer les m\u00e9canismes de l&rsquo;exploitation<\/strong><br>Intervenant: Ulysse Lojkine (Science Po)<br>Discutant: Karel Yon (CNRS, Universit\u00e9 Paris Nanterre, IDHE.S).<\/p>\n\n\n\n<p><\/p>\n\n\n\n<p class=\"has-black-color has-text-color has-link-color wp-elements-284f6a6eea55a557ba28395c77538886\" style=\"font-size:17px\"><strong>Lundi 9 mars 2026<\/strong><\/p>\n\n\n\n<p class=\"has-black-color has-text-color has-link-color wp-elements-c454a1c15b4c3b586666d75f0ff55f37\" style=\"font-size:15px\"><strong>Le syndicalisme CGT, un vecteur de solidarit\u00e9s salariales territorialis\u00e9es?<\/strong><br>Intervenant : Pierre Rouxel (Universit\u00e9 de Rennes 2, ARENES)<br>Discutant\u00b7e : Jean-Luc Deshayes (Universit\u00e9 de Tours, CITERES)<\/p>\n\n\n\n<p class=\"has-black-color has-text-color has-link-color wp-elements-61e86a58bf09354602fdf196d2d28532\" style=\"font-size:15px\"><\/p>\n\n\n\n<p style=\"font-size:17px\"><strong>Lundi 4 mai 2026<\/strong><\/p>\n\n\n\n<p style=\"font-size:15px\"><strong>D\u00e9-territorialisation de l&#8217;emploi dans le secteur maritime<\/strong><br>Intervenantes : Claire Fl\u00e9cher ( Universit\u00e9 Lumi\u00e8re &#8211; Lyon 2, Centre Max Weber) et Ga\u00eblle Troadec (Cnam, Ceet)<br>Discutant : Daniel Veron (Universit\u00e9 de Caen, ESO &#8211; Ceet)<\/p>\n\n\n\n<p style=\"font-size:15px\"><\/p>\n\n\n\n<p style=\"font-size:17px\"><strong>Lundi  1er juin 2026<\/strong><\/p>\n\n\n\n<p style=\"font-size:15px\"><strong>Travailler, habiter, vivre autrement<\/strong><br>Intervenant\u00b7es : Joana Antoine (Universit\u00e9 Paris 8, Lavue) et Guillaume Sabin (Universit\u00e9 de Rennes, Ar\u00e8nes)<br>Discutante: Maud Simonet (IDHES, CNRS, Universit\u00e9 Paris Nanterre)<br><\/p>\n\n\n\n<h1 class=\"wp-block-heading has-text-color has-link-color wp-elements-1b5aba6f0cb646b5867816deffc7fbd9\" style=\"color:#058883\"><strong><strong>PROGRAMME 2024-202<\/strong>5<\/strong><\/h1>\n\n\n\n<figure class=\"wp-block-image size-large is-resized\"><img loading=\"lazy\" decoding=\"async\" width=\"724\" height=\"1024\" src=\"http:\/\/www.revue-salariat.fr\/wp-content\/uploads\/2024\/12\/Affiche-seminaire-Salariat-2024-2025_page-0001-1-724x1024.jpg\" alt=\"\" class=\"wp-image-1487\" style=\"aspect-ratio:0.7070300950264793;width:129px;height:auto\" srcset=\"https:\/\/www.revue-salariat.fr\/wp-content\/uploads\/2024\/12\/Affiche-seminaire-Salariat-2024-2025_page-0001-1-724x1024.jpg 724w, https:\/\/www.revue-salariat.fr\/wp-content\/uploads\/2024\/12\/Affiche-seminaire-Salariat-2024-2025_page-0001-1-212x300.jpg 212w, https:\/\/www.revue-salariat.fr\/wp-content\/uploads\/2024\/12\/Affiche-seminaire-Salariat-2024-2025_page-0001-1-768x1086.jpg 768w, https:\/\/www.revue-salariat.fr\/wp-content\/uploads\/2024\/12\/Affiche-seminaire-Salariat-2024-2025_page-0001-1-1086x1536.jpg 1086w, https:\/\/www.revue-salariat.fr\/wp-content\/uploads\/2024\/12\/Affiche-seminaire-Salariat-2024-2025_page-0001-1-1448x2048.jpg 1448w, https:\/\/www.revue-salariat.fr\/wp-content\/uploads\/2024\/12\/Affiche-seminaire-Salariat-2024-2025_page-0001-1.jpg 1754w\" sizes=\"auto, (max-width: 724px) 100vw, 724px\" \/><\/figure>\n\n\n\n<p style=\"font-size:17px\"><strong>Lundi 4 novembre 2024, 14-17h<\/strong><\/p>\n\n\n\n<p style=\"font-size:15px\"><strong>Syndicalisme et communauty organizing en Am\u00e9rique du Nord<\/strong><br>John Krinsky (City College of New-York): \u00ab\u00a0Le retour de la gauche : la politique recycl\u00e9e et la coh\u00e9sion du mouvement pour le logement \u00e0 New York\u00a0\u00bb<br>Myl\u00e8ne Fauvel (Universit\u00e9s Paris-Nanterre et Mc Gill): \u00ab\u00a0Cartographie des luttes : mobilisations collectives dans le mouvement communautaire pour am\u00e9liorer les conditions de travail au Qu\u00e9bec\u00a0\u00bb<br><em>Discutant: Karel Yon et Emilien Julliard (IDHES-Universit\u00e9 Paris-Nanterre)<\/em><\/p>\n\n\n\n<p class=\"has-white-color has-text-color has-link-color wp-elements-21ae348437217f0aeab3166de7a8ef34\" style=\"line-height:0\">.<\/p>\n\n\n\n<p style=\"font-size:17px\"><strong>Lundi 2 d\u00e9cembre 2024, 14h-17h<\/strong><\/p>\n\n\n\n<p style=\"font-size:15px\"><strong>Quel territoire d&rsquo;un droit \u00e0 l&#8217;emploi? A propos de <em>Territoire z\u00e9ro ch\u00f4meur de longue dur\u00e9e <\/em>en France et en Belgique<\/strong><br>Aubin Tantot (Triangle &#8211; Sciences Po Lyon)<br>Julien Charles (CESEP &#8211; Universit\u00e9 Catholique de Louvain)<br><em>Discutant: Jean-Pascal Higel\u00e9<\/em> <em>(Tetras-Universit\u00e9 de Lorraine<\/em>)<\/p>\n\n\n\n<p class=\"has-white-color has-text-color has-link-color wp-elements-21ae348437217f0aeab3166de7a8ef34\" style=\"line-height:0\">.<\/p>\n\n\n\n<p style=\"font-size:17px\"><strong>Lundi 3 f\u00e9vrier 2025 \u2013 14h-17h<\/strong><\/p>\n\n\n\n<p style=\"font-size:15px\"><strong>La directive europ\u00e9enne sur les travailleurs de plateforme&nbsp;: salariat et syndicalisme en danger ?<\/strong><br>Anne Dufresne (Collaboratrice scientifique au METICES, Universit\u00e9 Libre de Bruxelles)<br>Matthieu Vicente (CORHIS, Universit\u00e9 Montpellier III)<br><em>Discutant&nbsp;: Bernard Friot (IDHE.S &#8211; Universit\u00e9 Paris-Nanterre)<\/em><\/p>\n\n\n\n<p class=\"has-white-color has-text-color has-link-color wp-elements-21ae348437217f0aeab3166de7a8ef34\" style=\"line-height:0\">.<\/p>\n\n\n\n<p style=\"font-size:17px\"><strong>Lundi 10 mars 2025 \u2013 14h-17h<\/strong><\/p>\n\n\n\n<p style=\"font-size:15px\"><strong>Managerialisation de l&rsquo;Etat et des services publics par leurs sommets<\/strong><br>Alex Albert (CITERES\/COST &#8211; Universit\u00e9 de Tours)<br>Melaine Robert (SAGE \u2013 Universit\u00e9 de Strasbourg)<br><em>Discutant&nbsp;: Nicolas Castel (TETRAS &#8211; Universit\u00e9 de Lorraine)<\/em><\/p>\n\n\n\n<p class=\"has-white-color has-text-color has-link-color wp-elements-21ae348437217f0aeab3166de7a8ef34\" style=\"line-height:0\">.<\/p>\n\n\n\n<p style=\"font-size:17px\"><strong>Lundi 5 mai 2025 \u2013 14h-17h<\/strong><\/p>\n\n\n\n<p style=\"font-size:15px\"><strong>Groupes internationaux, mobilisations et territoires<\/strong><br>Elsa Peskine (IRERP &#8211; Universit\u00e9 Paris-Nanterre)<br>Pascal Depoorter (CURAPP-ESS, Universit\u00e9 de Picardie Jules Verne)<br>Jean-Luc Deshayes (CITERES\/COST &#8211; Universit\u00e9 de Tours)<br><em>Discutant: Claude Didry (Centre Maurice Halbwachs &#8211; ENS Paris)<\/em><\/p>\n\n\n\n<h1 class=\"wp-block-heading has-text-color\" style=\"color:#058883\"><strong>PROGRAMME 2023-2024<\/strong><\/h1>\n\n\n\n<figure class=\"wp-block-image size-full is-resized\"><img loading=\"lazy\" decoding=\"async\" width=\"200\" height=\"280\" src=\"http:\/\/www.revue-salariat.fr\/wp-content\/uploads\/2023\/11\/vignette-seminaire-salariat-2023-2024-v2.jpg\" alt=\"\" class=\"wp-image-1112\" style=\"width:133px;height:186px\"\/><\/figure>\n\n\n\n<h4 class=\"wp-block-heading\">Lundi 6 novembre 2023, 14&nbsp;h \u2013 17&nbsp;h<\/h4>\n\n\n\n<p style=\"font-size:15px\"><strong>Des professions en construction dans l\u2019\u00e9conomie populaire du soin (Buenos Aires, Argentine)<\/strong><br>Ana\u00efs Roig | LSCP, Universit\u00e9 Paris Cit\u00e9 ; SEPTESA-EIDAES, Universidad Nacional de San Mart\u00edn<br>Discussion&nbsp;: Maud Simonet | CNRS, IDHE.S, Universit\u00e9 Paris Nanterre<\/p>\n\n\n\n<h4 class=\"wp-block-heading\" style=\"font-size:18px\">Lundi 4 d\u00e9cembre 2023, 14&nbsp;h \u2013 17&nbsp;h<\/h4>\n\n\n\n<p><strong>Une s\u00e9curit\u00e9 sociale industrielle&nbsp;? Autour de l\u2019ouvrage collectif Face au Covid, l\u2019enjeu du salariat, La Dispute, 2023.<\/strong><br>Claude Didry | CNRS, Centre Maurice Halbwachs, ENS Paris&nbsp;; Camille Dupuy | IRIHS, Universit\u00e9 Rouen Normandie&nbsp;; Samuel Zarka | Centre d\u2019\u00e9conomie, Universit\u00e9 Paris Nord<br>Discussion&nbsp;: Jean-Pascal Higel\u00e9 | TETRAS, Universit\u00e9 de Lorraine<\/p>\n\n\n\n<h4 class=\"wp-block-heading\">Lundi 5 f\u00e9vrier 2024, 14&nbsp;h&nbsp;\u2013 17&nbsp;h, salle 1<\/h4>\n\n\n\n<p><strong>Une s\u00e9curit\u00e9 sociale de l\u2019alimentation&nbsp;? Propositions et exp\u00e9rimentations<\/strong><br>Antoine Bernard de Raymond | INRAE BSE, Universit\u00e9 de Bordeaux&nbsp;; Laura Petersell &amp; K\u00e9vin Certenais | R\u00e9seau Salariat<br>Discussion : Mathieu Gr\u00e9goire | IDHE.S, Universit\u00e9 Paris Nanterre<\/p>\n\n\n\n<h4 class=\"wp-block-heading\">Lundi 11 mars 2024, 14&nbsp;h \u2013 17&nbsp;h<\/h4>\n\n\n\n<p><strong>Une S\u00e9cu au-del\u00e0 des nations&nbsp;? De l\u2019\u00ab&nbsp;Esprit de Philadelphie&nbsp;\u00bb \u00e0 la piliarisation europ\u00e9enne<\/strong><br>Ga\u00ebl Coron | EHESP, Universit\u00e9 de Rennes&nbsp;; Karim Fertikh | SAGE, IEP de Strasbourg<br>Discussion : Lucy apRoberts | IDHE.S, Universit\u00e9 Paris Nanterre<\/p>\n\n\n\n<h4 class=\"wp-block-heading\">Lundi 6 mai 2024, 14&nbsp;h \u2013 17&nbsp;h<\/h4>\n\n\n\n<p><strong>Redirection \u00e9cologique&nbsp;?<\/strong><br>Lionel Descamps | R\u00e9seau Salariat&nbsp;; Alexandre Monnin | ESC Clermont, Business School&nbsp;; Daniel&nbsp;Priolo | Laboratoire de Psychologie, Universit\u00e9 Paul Val\u00e9ry Montpellier 3<br>Discussion : Jean-Luc Deshayes | CITERES\/COST, Universit\u00e9 de Tours<\/p>\n\n\n\n<h4 class=\"wp-block-heading\">Lundi 3 juin 2024, 14&nbsp;h \u2013 19h30 \u2013 S\u00e9ance sp\u00e9ciale<\/h4>\n\n\n\n<p>14h &#8211; <strong>La valeur du footballeur<\/strong><br>Manuel Schott\u00e9 | Clers\u00e9, Universit\u00e9 de Lille<br>Discussion&nbsp;: \u00c9tienne Guillaud | Labex PasP, Universit\u00e9 Paris Nanterre<\/p>\n\n\n\n<p>16h &#8211; <strong>Luttes salariales dans les services publics au Qu\u00e9bec: un n\u00e9cessaire changement de cap<\/strong><br>Etienne Simard | militant au sein de<em>&nbsp;La grande d\u00e9mission<\/em>, une initiative d&rsquo;auto-organisation dans le secteur public<br><\/p>\n\n\n\n<p>18h30 &#8211; <strong>Pr\u00e9sentation du num\u00e9ro 2 de <em>Salariat<\/em>, <em>revue de sciences sociales<\/em> : \u201cFormes et fronti\u00e8res du salariat\u201d<\/strong> en pr\u00e9sence d&rsquo;auteur\u00b7ices<\/p>\n\n\n\n<p class=\"has-small-font-size\"><strong>Organisation<\/strong>: Institut europ\u00e9en du salariat, IDHE.S et laboratoire TETRAS<\/p>\n\n\n\n<p class=\"has-small-font-size\"><strong>Contact<\/strong>:  <a href=\"nicolas.castel@univ-lorraine.fr\" target=\"_blank\" rel=\"noreferrer noopener\">Nicolas Castel<\/a> (TETRAS, Universit\u00e9 de Lorraine)<\/p>\n\n\n\n<p class=\"has-small-font-size\"><strong>Lieu<\/strong>: Universit\u00e9 Paris Nanterre, B\u00e2timent Weber (W), salle 2<br>\u2013 <a href=\"http:\/\/www.parisnanterre.fr\/l-universite\/venir-a-paris-ouest-nanterre-la-defense-146044.kjsp?RH=1297681702851&amp;RF=1351157236672\">Comment venir ?<\/a><\/p>\n\n\n\n<p><\/p>\n\n\n\n<h1 class=\"wp-block-heading has-text-color\" style=\"color:#058883\"><strong>PROGRAMME 2022-2023<\/strong><\/h1>\n\n\n\n<figure class=\"wp-block-image size-full is-resized\"><img loading=\"lazy\" decoding=\"async\" width=\"200\" height=\"280\" src=\"http:\/\/www.revue-salariat.fr\/wp-content\/uploads\/2022\/10\/vignette-seminaire-salariat-2022-2023.jpg\" alt=\"\" class=\"wp-image-960\" style=\"width:128px;height:179px\"\/><\/figure>\n\n\n\n<h4 class=\"wp-block-heading\">Lundi 7 novembre 2022, 14 h \u2013 17&nbsp;h<\/h4>\n\n\n\n<p class=\"has-black-color has-text-color\"><strong>Le salariat en Afrique, pr\u00e9sentation du num\u00e9ro 245-246 des Cahiers d\u2019\u00e9tudes africaines, \u00ab&nbsp;Salariats d\u2019en bas&nbsp;\u00bb<\/strong><br>\u00c9tienne Bourel | LADEC, CNRS<br>Yves Dieudonn\u00e9 Bapes Ba Bapes | \u00c9cole normale sup\u00e9rieure d\u2019enseignement technique, Universit\u00e9 de Douala, Cameroun<br><br>Discussion&nbsp;: Nicolas Castel | 2L2S, Universit\u00e9 de Lorraine<br>\u2013\u2013<\/p>\n\n\n\n<h4 class=\"wp-block-heading\">Lundi 9 janvier 2023, 14&nbsp;h \u2013 17&nbsp;h<\/h4>\n\n\n\n<p><strong>Le capitalisme de plateforme (assujettissement et r\u00e9sistances), autour de l\u2019ouvrage La colonisation du quotidien, \u00c9ditions Amsterdam, 2021<\/strong><br>Patrick Cingolani | LCSP, Universit\u00e9 Paris Diderot<br><br>Discussion : Florence Ihaddadene | CURAPP-ESS, Universit\u00e9 de Picardie Jules Verne &amp; Daniel V\u00e9ron | CERReV, Universit\u00e9 de Caen Normandie<br>\u2013\u2013<\/p>\n\n\n\n<h4 class=\"wp-block-heading\">Lundi 6 mars 2023, 14&nbsp;h \u2013 17&nbsp;h<\/h4>\n\n\n\n<p><strong>Faire du salaire un outil d\u2019\u00e9mancipation&nbsp;: l\u2019exemple de la communaut\u00e9 Boimondau (1944-1946)<\/strong><br>Ana Carolina Coppola &amp; Guillaume Gourgues | Triangle, Universit\u00e9 Lyon 2<br><br>Discussion : Maud Simonet | IDHE.S, Universit\u00e9 Paris Nanterre, CNRS<br>\u2013\u2013<\/p>\n\n\n\n<h4 class=\"wp-block-heading\">Lundi 15 mai 2023, 14&nbsp;h \u2013 17&nbsp;h<\/h4>\n\n\n\n<p><strong>Quand le salariat syndical d\u00e9stabilise les militantes et les militants<\/strong><br>Florence Ihaddadene | CURAPP, Universit\u00e9 de Picardie Jules Verne &amp; Karel Yon | IDHE.S \u2013 Universit\u00e9 Paris Nanterre, CNRS<br><br>Discussion : Bernard Friot | IDHE.S, Universit\u00e9 Paris Nanterre<br>\u2013\u2013<\/p>\n\n\n\n<h4 class=\"wp-block-heading\">Lundi 5 juin 2023, 14&nbsp;h \u2013 17&nbsp;h<\/h4>\n\n\n\n<p><strong>Un historique du syst\u00e8me de sant\u00e9 fran\u00e7ais, autour de l\u2019ouvrage La bataille de la S\u00e9cu, La fabrique \u00e9ditions, 2022<\/strong><br>Nicolas Da Silva | Universit\u00e9 Sorbonne Paris Nord<br><br>Discussion&nbsp;: Lucy apRoberts | IDHE.S, Universit\u00e9 Paris Nanterre<\/p>\n\n\n\n<p><\/p>\n\n\n\n<p>____________________________________________________________________<\/p>\n\n\n\n<h1 class=\"wp-block-heading has-text-color\" style=\"color:#058883\"> <strong>PROGRAMME 2021-2022<\/strong><\/h1>\n\n\n\n<figure class=\"wp-block-image size-full is-resized\"><img loading=\"lazy\" decoding=\"async\" width=\"200\" height=\"280\" src=\"http:\/\/www.revue-salariat.fr\/wp-content\/uploads\/2022\/05\/Vignette-4-seminaire-salariat-2021-2022.jpg\" alt=\"\" class=\"wp-image-762\" style=\"width:144px;height:202px\"\/><\/figure>\n\n\n\n<h4 class=\"wp-block-heading has-black-color has-text-color\" id=\"lundi-13-decembre-2021\" style=\"font-size:16px;font-style:normal;font-weight:600\">Lundi 13 d\u00e9cembre 2021<\/h4>\n\n\n\n<h2 class=\"wp-block-heading has-black-color has-text-color\" style=\"font-size:18px\"><strong>Salariser les professionnels de sant\u00e9 ?<\/strong><\/h2>\n\n\n\n<p style=\"font-size:14px\">Paula Cristofalo, \u00c9cole des hautes \u00e9tudes en sant\u00e9 publique, EA MOS<br>Lucas Joubert, EHESS, Centre Georg Simmel ; Universit\u00e9 Paris Nanterre, IDHE.S<br>Discussion : Nicolas Castel, Universit\u00e9 de Lorraine, 2L2S<\/p>\n\n\n\n<h4 class=\"wp-block-heading\" id=\"lundi-7-fevrier-2022seance-exclusivement-en-visioconference\" style=\"font-size:16px;font-style:normal;font-weight:600\">Lundi 7 f\u00e9vrier 2022<\/h4>\n\n\n\n<h2 class=\"wp-block-heading has-black-color has-text-color\" style=\"font-size:18px\"><strong>M\u00e9tamorphoses et permanences des parcours professionnels en France (1968-2018). Pour une approche cohortale et sexu\u00e9e des \u00e9volutions de l\u2019emploi<\/strong><\/h2>\n\n\n\n<p style=\"font-size:14px\">Marion Plault, Universit\u00e9 de Versailles Saint-Quentin-en-Yvelines, Printemps<br>Discussion : Claire Viv\u00e8s, CNAM, LISE \/ CEET<\/p>\n\n\n\n<h4 class=\"wp-block-heading\" id=\"lundi-7-mars-2022\" style=\"font-size:16px;font-style:normal;font-weight:600\">Lundi 7 mars 2022<\/h4>\n\n\n\n<h2 class=\"wp-block-heading has-black-color has-text-color\" style=\"font-size:18px\"><strong>L\u2019emploi sous-trait\u00e9 des h\u00f4tesses d\u2019accueil<\/strong><\/h2>\n\n\n\n<p style=\"font-size:14px\">Gabrielle Sch\u00fctz, Universit\u00e9 de Versailles Saint-Quentin-en-Yvelines, Printemps<br>Discussion : Maud Simonet, CNRS, Universit\u00e9 Paris-Nanterre, IDHE.S<\/p>\n\n\n\n<h4 class=\"wp-block-heading\" id=\"lundi-10-janvier-2022\" style=\"font-size:16px;font-style:normal;font-weight:600\">Lundi 28 mars 2022<\/h4>\n\n\n\n<h2 class=\"wp-block-heading has-black-color has-text-color\" id=\"seance-reportee-au-28-mars-2022-a-14-h\" style=\"font-size:18px\"><strong>La personne priv\u00e9e d\u2019emploi : un sujet de droits sociaux en recomposition(s) au fil des r\u00e9formes (2001-2021)<\/strong><\/h2>\n\n\n\n<p style=\"font-size:14px\">Laure Camaji, Universit\u00e9 Paris-Saclay, IDEP<br>Discussion : Mathieu Gr\u00e9goire, Universit\u00e9 Paris Nanterre, IDHE.S<\/p>\n\n\n\n<h4 class=\"wp-block-heading\" id=\"lundi-16-mai-2022\" style=\"font-size:16px;font-style:normal;font-weight:600\">Lundi 16 mai 2022<\/h4>\n\n\n\n<h2 class=\"wp-block-heading has-black-color has-text-color\" style=\"font-size:18px\"><strong>Le travail salari\u00e9 et ses sociologies<\/strong><\/h2>\n\n\n\n<p style=\"font-size:14px\">Sylvie Monchatre, Institut d\u2019\u00c9tudes du Travail de l\u2019Universit\u00e9 Lumi\u00e8re Lyon2, Centre Max Weber.<br>Discussion : Jean-Pascal Higel\u00e9, Universit\u00e9 de Lorraine, 2L2S<\/p>\n\n\n\n<h4 class=\"wp-block-heading\" id=\"lundi-13-juin-2022\" style=\"font-size:16px;font-style:normal;font-weight:600\">Lundi 13 juin 2022<\/h4>\n\n\n\n<h2 class=\"wp-block-heading has-black-color has-text-color\" style=\"font-size:18px\"><strong>Le capitalisme de plateforme : assujettissement et r\u00e9sistances<\/strong><\/h2>\n\n\n\n<p style=\"font-size:14px\">Patrick Cingolani, Universit\u00e9 Paris Diderot, LCSP<br>Discussion : Florence Ihaddadene, Universit\u00e9 de Picardie Jules Verne, CURAPP et Daniel V\u00e9ron, Universit\u00e9 de Caen Normandie, CERReV<\/p>\n\n\n\n<h4 class=\"wp-block-heading\" id=\"lundi-4-juillet-2022\" style=\"font-size:16px\"><strong>Lundi 4 juillet 2022<\/strong><\/h4>\n\n\n\n<h2 class=\"wp-block-heading has-black-color has-text-color\" style=\"font-size:18px\"><strong>Salariat et auto-entreprenariat : une interd\u00e9pendance ? Le cas des coachs sportifs<\/strong><\/h2>\n\n\n\n<p style=\"font-size:14px\">Louis Gabriel P\u00e9rez, Universit\u00e9 Paris Nanterre, IDHE.S<br>Discussion : Karel Yon, Universit\u00e9 Paris Nanterre, IDHE.S<\/p>\n\n\n\n<h1 class=\"wp-block-heading\"><\/h1>\n","protected":false},"excerpt":{"rendered":"<p>PROGRAMME 2026 Le s\u00e9minaire se tient \u00e0 l&rsquo;Universit\u00e9 Paris-Nanterre au rdc du b\u00e2timent Max Weber et en visioconf\u00e9rence : https:\/\/visio.numerique.gouv.fr\/ayr-wqwo-xbt Lundi 2 f\u00e9vrier 2026 Le fil invisible du capital. D\u00e9chiffrer les m\u00e9canismes de l&rsquo;exploitationIntervenant: Ulysse Lojkine (Science Po)Discutant: Karel Yon (CNRS, Universit\u00e9 Paris Nanterre, IDHE.S). Lundi 9 mars 2026 Le syndicalisme CGT, un vecteur de &hellip; <\/p>\n<p class=\"link-more\"><a href=\"https:\/\/www.revue-salariat.fr\/index.php\/73-2\/seminaire-de-lies\/\" class=\"more-link\">Continuer la lecture<span class=\"screen-reader-text\"> de &laquo;&nbsp;SALARIAT &#8211; le s\u00e9minaire de l&rsquo;IES&nbsp;&raquo;<\/span><\/a><\/p>\n","protected":false},"author":3,"featured_media":1662,"parent":73,"menu_order":1,"comment_status":"closed","ping_status":"closed","template":"","meta":{"footnotes":""},"class_list":["post-761","page","type-page","status-publish","has-post-thumbnail","hentry"],"_links":{"self":[{"href":"https:\/\/www.revue-salariat.fr\/index.php\/wp-json\/wp\/v2\/pages\/761","targetHints":{"allow":["GET"]}}],"collection":[{"href":"https:\/\/www.revue-salariat.fr\/index.php\/wp-json\/wp\/v2\/pages"}],"about":[{"href":"https:\/\/www.revue-salariat.fr\/index.php\/wp-json\/wp\/v2\/types\/page"}],"author":[{"embeddable":true,"href":"https:\/\/www.revue-salariat.fr\/index.php\/wp-json\/wp\/v2\/users\/3"}],"replies":[{"embeddable":true,"href":"https:\/\/www.revue-salariat.fr\/index.php\/wp-json\/wp\/v2\/comments?post=761"}],"version-history":[{"count":50,"href":"https:\/\/www.revue-salariat.fr\/index.php\/wp-json\/wp\/v2\/pages\/761\/revisions"}],"predecessor-version":[{"id":1665,"href":"https:\/\/www.revue-salariat.fr\/index.php\/wp-json\/wp\/v2\/pages\/761\/revisions\/1665"}],"up":[{"embeddable":true,"href":"https:\/\/www.revue-salariat.fr\/index.php\/wp-json\/wp\/v2\/pages\/73"}],"wp:featuredmedia":[{"embeddable":true,"href":"https:\/\/www.revue-salariat.fr\/index.php\/wp-json\/wp\/v2\/media\/1662"}],"wp:attachment":[{"href":"https:\/\/www.revue-salariat.fr\/index.php\/wp-json\/wp\/v2\/media?parent=761"}],"curies":[{"name":"wp","href":"https:\/\/api.w.org\/{rel}","templated":true}]}}