{"id":73,"date":"2021-02-02T11:54:10","date_gmt":"2021-02-02T10:54:10","guid":{"rendered":"http:\/\/www.revue-salariat.fr\/?page_id=73"},"modified":"2026-03-31T13:21:42","modified_gmt":"2026-03-31T11:21:42","slug":"73-2","status":"publish","type":"page","link":"https:\/\/www.revue-salariat.fr\/","title":{"rendered":"Bienvenue sur le site de la revue Salariat"},"content":{"rendered":"\n<p class=\"has-very-light-gray-to-cyan-bluish-gray-gradient-background has-background has-medium-font-size\"><strong>Actualit\u00e9s<\/strong><br><a href=\"https:\/\/www.revue-salariat.fr\/index.php\/2026\/03\/31\/presentation-du-n3-de-la-revue-salariat\/\">Paris, 1er avril 2026 : Pr\u00e9sentation du n\u00b03 de la revue Salariat<\/a><br><a href=\"https:\/\/www.paris.fr\/evenements\/rencontre-avec-florence-ihaddadene-pour-promesse-d-embauche-comment-l-etat-met-l-espoir-des-jeunes-au-travail-108325\">Paris, 22 mai 2026 : rencontre avec Florence Ihaddadene autour de son livre \u00ab\u00a0Promesse d&#8217;embauche\u00a0\u00bb<\/a><\/p>\n\n\n\n<h1 class=\"wp-block-heading\"><strong>Une S\u00e9curit\u00e9 sociale pour tout? le n\u00b03 de la revue <em>Salariat <\/em>est disponible !<\/strong><\/h1>\n\n\n\n<div class=\"wp-block-columns is-layout-flex wp-container-core-columns-is-layout-9d6595d7 wp-block-columns-is-layout-flex\">\n<div class=\"wp-block-column is-layout-flow wp-block-column-is-layout-flow\" style=\"flex-basis:33.33%\">\n<figure class=\"wp-block-image size-large\"><img loading=\"lazy\" decoding=\"async\" width=\"689\" height=\"1024\" src=\"https:\/\/www.revue-salariat.fr\/wp-content\/uploads\/2025\/09\/SALARIAT_3_COUV_recto-sans-tranche-4-689x1024.jpg\" alt=\"\" class=\"wp-image-1508\" srcset=\"https:\/\/www.revue-salariat.fr\/wp-content\/uploads\/2025\/09\/SALARIAT_3_COUV_recto-sans-tranche-4-689x1024.jpg 689w, https:\/\/www.revue-salariat.fr\/wp-content\/uploads\/2025\/09\/SALARIAT_3_COUV_recto-sans-tranche-4-202x300.jpg 202w, https:\/\/www.revue-salariat.fr\/wp-content\/uploads\/2025\/09\/SALARIAT_3_COUV_recto-sans-tranche-4-768x1142.jpg 768w, https:\/\/www.revue-salariat.fr\/wp-content\/uploads\/2025\/09\/SALARIAT_3_COUV_recto-sans-tranche-4-1033x1536.jpg 1033w, https:\/\/www.revue-salariat.fr\/wp-content\/uploads\/2025\/09\/SALARIAT_3_COUV_recto-sans-tranche-4-1377x2048.jpg 1377w, https:\/\/www.revue-salariat.fr\/wp-content\/uploads\/2025\/09\/SALARIAT_3_COUV_recto-sans-tranche-4-scaled.jpg 1721w\" sizes=\"auto, (max-width: 689px) 100vw, 689px\" \/><\/figure>\n<\/div>\n\n\n\n<div class=\"wp-block-column is-layout-flow wp-block-column-is-layout-flow\" style=\"flex-basis:66.66%\">\n<div class=\"wp-block-buttons has-custom-font-size has-small-font-size is-layout-flex wp-block-buttons-is-layout-flex\">\n<div class=\"wp-block-button is-style-outline is-style-outline--1\"><a class=\"wp-block-button__link has-white-color has-vivid-red-background-color has-text-color has-background has-link-color wp-element-button\" href=\"https:\/\/www.revue-salariat.fr\/index.php\/2025\/10\/22\/revue-salariat-n3-2025-2026\/\">Voir le sommaire<\/a><\/div>\n\n\n\n<div class=\"wp-block-button is-style-outline is-style-outline--2\"><a class=\"wp-block-button__link has-white-color has-vivid-red-background-color has-text-color has-background has-link-color wp-element-button\" href=\"https:\/\/editions-croquant.org\/livres\/1124-revue-salariat-n3.html\">Commander<\/a><\/div>\n<\/div>\n<\/div>\n<\/div>\n\n\n\n<div class=\"wp-block-columns is-layout-flex wp-container-core-columns-is-layout-9d6595d7 wp-block-columns-is-layout-flex\">\n<div class=\"wp-block-column is-layout-flow wp-block-column-is-layout-flow\" style=\"flex-basis:100%\">\n<div class=\"wp-block-group has-background\" style=\"background:linear-gradient(158deg,rgba(255,85,13,0.23) 41%,rgba(204,85,0,0.68) 76%,rgba(107,45,0,0.62) 100%)\"><div class=\"wp-block-group__inner-container is-layout-flow wp-block-group-is-layout-flow\">\n<h2 class=\"wp-block-heading has-black-color has-text-color has-link-color wp-elements-a6aa829fb9dcaead15a7f9b33f95a948\" id=\"dernieres_publis\"><strong> Derni\u00e8res publications mises en ligne<\/strong><\/h2>\n\n\n\n<p style=\"font-size:14px\"><a href=\"https:\/\/www.revue-salariat.fr\/index.php\/2025\/10\/24\/une-securite-sociale-pour-tout-par-tous-et-toutes-un-modele-de-production-alternatif\/\">Une s\u00e9curit\u00e9 sociale pour tout, par tous et toutes? Un mod\u00e8le de production alternatif<\/a><br><em>par Nicolas Castel, Claude Didry, Mathieu Gr\u00e9goire et Emilien Julliard<\/em><\/p>\n\n\n\n<p style=\"font-size:14px\"><a href=\"https:\/\/www.revue-salariat.fr\/index.php\/2025\/11\/04\/democratiser-lalimentation-une-experimentation-locale-de-securite-sociale-de-lalimentation\/\">D\u00e9mocratiser l\u2019alimentation ? Une exp\u00e9rimentation locale de S\u00e9curit\u00e9 sociale de l\u2019alimentation<\/a><br><em>par Antoine Bernard de Raymond, Sylvain Bordiec, Louise Doglio, David Glory et Marthe-Aline Jutand<\/em><\/p>\n\n\n\n<p style=\"font-size:14px\"><a href=\"https:\/\/www.revue-salariat.fr\/index.php\/2025\/11\/04\/projet-pour-une-securite-sociale-industrielle-la-mise-en-securite-sociale-des-aides-publiques-aux-entreprises-dans-une-perspective-de-reindustrialisation\/\">Projet pour une s\u00e9curit\u00e9 sociale industrielle. La mise en s\u00e9curit\u00e9 sociale des aides publiques aux entreprises dans une perspective de r\u00e9industrialisation<\/a><br><em>par Claude Didry<\/em><\/p>\n<\/div><\/div>\n<\/div>\n<\/div>\n\n\n\n<h2 class=\"wp-block-heading\"><strong>Les pr\u00e9c\u00e9dents num\u00e9ros de la revue toujours disponibles<\/strong><\/h2>\n\n\n\n<div class=\"wp-block-columns is-layout-flex wp-container-core-columns-is-layout-9d6595d7 wp-block-columns-is-layout-flex\">\n<div class=\"wp-block-column is-layout-flow wp-block-column-is-layout-flow\" style=\"flex-basis:100%\">\n<div class=\"wp-block-columns is-layout-flex wp-container-core-columns-is-layout-9d6595d7 wp-block-columns-is-layout-flex\">\n<div class=\"wp-block-column is-layout-flow wp-block-column-is-layout-flow\">\n<figure class=\"wp-block-image size-full is-resized\"><img loading=\"lazy\" decoding=\"async\" width=\"444\" height=\"678\" src=\"http:\/\/www.revue-salariat.fr\/wp-content\/uploads\/2023\/12\/couv-n\u00b01.png\" alt=\"\" class=\"wp-image-1136\" style=\"width:130px;height:auto\" srcset=\"https:\/\/www.revue-salariat.fr\/wp-content\/uploads\/2023\/12\/couv-n\u00b01.png 444w, https:\/\/www.revue-salariat.fr\/wp-content\/uploads\/2023\/12\/couv-n\u00b01-196x300.png 196w\" sizes=\"auto, (max-width: 444px) 100vw, 444px\" \/><\/figure>\n<\/div>\n\n\n\n<div class=\"wp-block-column is-layout-flow wp-block-column-is-layout-flow\">\n<p>Num\u00e9ro 1: <br><strong><em>Droit \u00e0 l&#8217;emploi, droit au salaire?<\/em><\/strong><br>\u00e0 commander sur le site des <a href=\"https:\/\/editions-croquant.org\/revue-salariat\/841-revue-salariat-n-1.html\" data-type=\"URL\" data-id=\"https:\/\/editions-croquant.org\/revue-salariat\/841-revue-salariat-n-1.html\" target=\"_blank\" rel=\"noreferrer noopener\">\u00e9ditions du Croquant<\/a> ou \u00e0 consulter sur <a href=\"https:\/\/www.cairn.info\/revue-salariat-2022-1.htm\" data-type=\"URL\" data-id=\"https:\/\/www.cairn.info\/revue-salariat-2022-1.htm\" target=\"_blank\" rel=\"noreferrer noopener\">Cairn<\/a><\/p>\n<\/div>\n\n\n\n<div class=\"wp-block-column is-layout-flow wp-block-column-is-layout-flow\">\n<figure class=\"wp-block-image size-large is-resized\"><img loading=\"lazy\" decoding=\"async\" width=\"681\" height=\"1024\" src=\"http:\/\/www.revue-salariat.fr\/wp-content\/uploads\/2023\/12\/couv-avant-681x1024.png\" alt=\"\" class=\"wp-image-1135\" style=\"width:131px;height:auto\" srcset=\"https:\/\/www.revue-salariat.fr\/wp-content\/uploads\/2023\/12\/couv-avant-681x1024.png 681w, https:\/\/www.revue-salariat.fr\/wp-content\/uploads\/2023\/12\/couv-avant-200x300.png 200w, https:\/\/www.revue-salariat.fr\/wp-content\/uploads\/2023\/12\/couv-avant-768x1154.png 768w, https:\/\/www.revue-salariat.fr\/wp-content\/uploads\/2023\/12\/couv-avant.png 942w\" sizes=\"auto, (max-width: 681px) 100vw, 681px\" \/><\/figure>\n<\/div>\n\n\n\n<div class=\"wp-block-column is-layout-flow wp-block-column-is-layout-flow\">\n<p>Num\u00e9ro 2 : <br><strong><em>Formes et fronti\u00e8res du salariat<\/em> <\/strong><br>\u00e0 commander sur le site des <a href=\"https:\/\/editions-croquant.org\/revue-salariat\/969-revue-salariat-n-2.html\" data-type=\"URL\" data-id=\"https:\/\/editions-croquant.org\/revue-salariat\/841-revue-salariat-n-1.html\" target=\"_blank\" rel=\"noreferrer noopener\">\u00e9ditions du Croquant<\/a> ou \u00e0 consulter sur <a href=\"https:\/\/www.cairn.info\/revue-salariat.htm\" data-type=\"URL\" data-id=\"https:\/\/www.cairn.info\/revue-salariat-2022-1.htm\" target=\"_blank\" rel=\"noreferrer noopener\">Cairn<\/a><\/p>\n<\/div>\n<\/div>\n<\/div>\n<\/div>\n\n\n\n<h3 class=\"wp-block-heading\"><strong>En libre acc\u00e8s sur le site<\/strong><\/h3>\n\n\n\n<div class=\"wp-block-columns is-not-stacked-on-mobile is-layout-flex wp-container-core-columns-is-layout-9d6595d7 wp-block-columns-is-layout-flex\">\n<div class=\"wp-block-column has-very-light-gray-to-cyan-bluish-gray-gradient-background has-background is-layout-flow wp-block-column-is-layout-flow\" style=\"flex-basis:100%\">\n<div class=\"wp-block-columns is-layout-flex wp-container-core-columns-is-layout-9d6595d7 wp-block-columns-is-layout-flex\">\n<div class=\"wp-block-column is-layout-flow wp-block-column-is-layout-flow\" style=\"flex-basis:100%\">\n<div class=\"wp-block-columns is-layout-flex wp-container-core-columns-is-layout-9d6595d7 wp-block-columns-is-layout-flex\">\n<div class=\"wp-block-column is-layout-flow wp-block-column-is-layout-flow\">\n<h2 class=\"wp-block-heading has-vivid-red-color has-text-color has-medium-font-size\" style=\"text-transform:uppercase\">Notes et Analyses<\/h2>\n\n\n\n<p class=\"has-small-font-size\"><a href=\"https:\/\/www.revue-salariat.fr\/index.php\/2025\/10\/24\/une-securite-sociale-pour-tout-par-tous-et-toutes-un-modele-de-production-alternatif\/\">Une s\u00e9curit\u00e9 sociale pour tout, par tous et toutes? Un mod\u00e8le de production alternatif<\/a><br><em>par Nicolas Castel, Claude Didry, Mathieu Gr\u00e9goire et Emilien Julliard<\/em><\/p>\n\n\n\n<p class=\"has-small-font-size\"><a href=\"https:\/\/www.revue-salariat.fr\/index.php\/2025\/11\/04\/democratiser-lalimentation-une-experimentation-locale-de-securite-sociale-de-lalimentation\/\">D\u00e9mocratiser l\u2019alimentation ? Une exp\u00e9rimentation locale de S\u00e9curit\u00e9 sociale de l\u2019alimentation<\/a><br><em>par Antoine Bernard de Raymond, Sylvain Bordiec, Louise Doglio, David Glory et Marthe-Aline Jutand<\/em><\/p>\n\n\n\n<p class=\"has-small-font-size\"><a href=\"https:\/\/www.revue-salariat.fr\/index.php\/2025\/11\/04\/projet-pour-une-securite-sociale-industrielle-la-mise-en-securite-sociale-des-aides-publiques-aux-entreprises-dans-une-perspective-de-reindustrialisation\/\">Projet pour une s\u00e9curit\u00e9 sociale industrielle. La mise en s\u00e9curit\u00e9 sociale des aides publiques aux entreprises dans une perspective de r\u00e9industrialisation<\/a><br><em>par Claude Didry<\/em><\/p>\n\n\n\n<p style=\"font-size:13px;line-height:1.4\"><a href=\"http:\/\/www.revue-salariat.fr\/index.php\/2024\/11\/10\/les-medecins-en-centre-de-sante-des-salariees-non-subordonnees\/\">Les m\u00e9decins en centre de sant\u00e9: des salari\u00e9\u00b7es non subordonn\u00e9\u00b7es?<\/a><br><em>par Lucas Joubert<\/em><\/p>\n\n\n\n<p class=\"has-small-font-size\" style=\"line-height:1.4\"><a href=\"http:\/\/www.revue-salariat.fr\/index.php\/2024\/06\/04\/introduction-du-n1-paru-en-novembre-2022\/\">Pourquoi la revue \u00ab\u00a0Salariat\u00a0\u00bb?<\/a><br><em>par Nicolas Castel, Mathieu Gr\u00e9goire, Jean-Pascal Higel\u00e9 et Maud Simonet<\/em><\/p>\n\n\n\n<p class=\"has-small-font-size\" style=\"line-height:1.4\"><a href=\"http:\/\/www.revue-salariat.fr\/index.php\/2024\/01\/29\/au-sein-au-seuil-et-au-dela-du-salariat-les-dimensions-politiques-du-salaire\/\">Au sein, au seuil et au-del\u00e0 du salariat: les dimensions politiques du salaire<\/a><strong><br><\/strong><em>par Jean-Luc Deshayes, Florence Ihaddadene, Maud Simonet, Daniel Veron, Claire Viv\u00e9s, Karel Yon<\/em><\/p>\n\n\n\n<p class=\"has-small-font-size\" style=\"line-height:1.4\"><a href=\"http:\/\/www.revue-salariat.fr\/index.php\/2024\/01\/29\/lutte-de-classe-feminismes-et-creation\/\" target=\"_blank\" rel=\"noreferrer noopener\">Lutte de classe, f\u00e9minisme et cr\u00e9ation. Le statut des artistes dans le grand bain des luttes salariales<\/a><br><em>par Aur\u00e9lien Catin<\/em><\/p>\n\n\n\n<p class=\"has-small-font-size\" style=\"line-height:1.4\"><a href=\"http:\/\/www.revue-salariat.fr\/index.php\/2022\/11\/10\/wages-for\/\" target=\"_blank\" rel=\"noreferrer noopener\">\u00ab Wages for \u00bb. Une approche f\u00e9ministe du salaire comme puissance subversive<\/a><br><em>par Maud Simonet<\/em><\/p>\n\n\n\n<p class=\"has-small-font-size\" style=\"line-height:1.4\"><a rel=\"noreferrer noopener\" href=\"http:\/\/Le salaire de l\u2019op\u00e9ra\u00efsme. Premi\u00e8re partie (ann\u00e9es 1960) : qu\u2019y a-t-il de politique dans le \u00ab salaire politique \u00bb ?\" target=\"_blank\">Le salaire de l\u2019op\u00e9ra\u00efsme. Premi\u00e8re partie (ann\u00e9es 1960) : qu\u2019y a-t-il de politique dans le \u00ab salaire politique \u00bb ?<\/a><br><em>par Karel Yon<\/em><\/p>\n\n\n\n<p class=\"has-small-font-size\" style=\"line-height:1.4\"><a href=\"http:\/\/www.revue-salariat.fr\/index.php\/2022\/07\/11\/la-bataille-des-statuts-les-dessous-de-la-loi-europeenne-pour-les-travailleurs-de-plateforme\/\">La bataille des statuts. Les dessous de la loi europ\u00e9enne pour les travailleurs de plateforme<\/a><br><em>par Anne Dufresne<\/em><\/p>\n\n\n\n<p class=\"has-small-font-size\" style=\"line-height:1.4\"><a href=\"http:\/\/www.revue-salariat.fr\/index.php\/2020\/07\/02\/crise-sanitaire-et-salariat-ce-que-le-confinement-revele-des-formes-dinstitution-du-travail\/\" target=\"_blank\" rel=\"noreferrer noopener\">Crise sanitaire et salariat. Ce que le confinement r\u00e9v\u00e8le des formes d\u2019institution du travail<\/a><br><em>par Jean-Pascal Higel\u00e9<\/em><\/p>\n\n\n\n<p class=\"has-small-font-size\">.<a href=\"http:\/\/www.revue-salariat.fr\/index.php\/category\/notes-et-analyses\/notes-de-lies\/\">..et l&rsquo;ensemble des Notes de l&rsquo;IES<\/a><\/p>\n<\/div>\n\n\n\n<div class=\"wp-block-column is-layout-flow wp-block-column-is-layout-flow\">\n<h2 class=\"wp-block-heading has-vivid-red-color has-text-color has-medium-font-size\" style=\"text-transform:uppercase\">Lectures et D\u00e9bats<\/h2>\n\n\n\n<p class=\"has-small-font-size\" style=\"line-height:1.4\"><a href=\"http:\/\/www.revue-salariat.fr\/index.php\/2024\/06\/04\/droit-a-lemploi-et-droits-salariaux-note-critique-sur-le-debat-autour-de-la-garantie-demploi\/\">Droit \u00e0 l&#8217;emploi et droits salariaux: note critique sur le d\u00e9bat autour de la \u00ab\u00a0garantie d&#8217;emploi\u00a0\u00bb<\/a><br><em>par Jean-Pascal Higel\u00e9<\/em><\/p>\n\n\n\n<p class=\"has-small-font-size\" style=\"line-height:1.4\"><a href=\"http:\/\/www.revue-salariat.fr\/index.php\/2021\/02\/02\/la-desintegration-par-le-travail-a-propos-de-robledo-de-daniele-zito\/\" target=\"_blank\" rel=\"noreferrer noopener\">La d\u00e9sint\u00e9gration par le travail : \u00e0 propos de Robledo, de Daniele Zito<\/a> <br><em>Par Karel Yon<\/em><\/p>\n\n\n\n<p>.<\/p>\n\n\n\n<p class=\"has-vivid-red-color has-text-color has-link-color has-medium-font-size wp-elements-4a4646027de2fba995465b57cbf2925d\" style=\"text-transform:uppercase\">Arr\u00eats sur Image<\/p>\n\n\n\n<p class=\"has-small-font-size\" style=\"line-height:1.4\"><a href=\"http:\/\/www.revue-salariat.fr\/index.php\/2024\/11\/10\/travailler-au-service-de-la-flemme-la-marchandisation-du-menage-par-les-plateformes-numeriques\/\">Travailler au service de la flemme? La marchandisation du m\u00e9nage par les plateformes num\u00e9riques<\/a><br><em>par Nicole Teke-Laurent<\/em><\/p>\n\n\n\n<p class=\"has-small-font-size\" style=\"line-height:1.4\"><a href=\"http:\/\/www.revue-salariat.fr\/index.php\/2024\/06\/04\/limportant-cest-de-teletravailler-les-incitations-de-letat-au-teletravail-pendant-les-jeux-olympiques-et-paralympiques-2024\/\">\u00ab\u00a0L&rsquo;important, c&rsquo;est de t\u00e9l\u00e9travailler!\u00a0\u00bb. Les incitations de l&rsquo;Etat au t\u00e9l\u00e9travail pendant les Jeux Olympiques et Paralympiques 2024<\/a><br><em>par Sophie Louey<\/em><\/p>\n\n\n\n<p class=\"has-small-font-size\" style=\"line-height:1.4\"><a href=\"http:\/\/www.revue-salariat.fr\/index.php\/2021\/03\/26\/aux-masques-citoyennes-melange-des-genres-productifs-en-regime-d-exception\/\">Aux masques citoyennes ! M\u00e9lange des genres productifs en r\u00e9gime d\u2019\u00abexception\u00bb<\/a><br><em>par Fanny Gallot, Giulia Mensitieri, Eve Meuret-Campfort et Maud Simonet<\/em><\/p>\n\n\n\n<p class=\"has-small-font-size\" style=\"line-height:1.4\"><a href=\"http:\/\/www.revue-salariat.fr\/index.php\/2021\/03\/26\/lemploi-une-cause-patronale\/\">L\u2019emploi, une cause patronale. \u00c0 propos des Gattaz, du pin\u2019s \u00e0 la sociodic\u00e9e.<\/a><br><em>par Mathieu Gr\u00e9goire<\/em><\/p>\n\n\n\n<p>.<\/p>\n\n\n\n<p class=\"has-vivid-red-color has-text-color has-link-color has-medium-font-size wp-elements-75f314b2ec2410c0b2da78d587db035b\" style=\"text-transform:uppercase\">BRUT<\/p>\n\n\n\n<p style=\"font-size:13px;line-height:1.4\"><a href=\"http:\/\/www.revue-salariat.fr\/index.php\/2024\/11\/10\/montreal-whoreganize\/\">\u00ab\u00a0Montr\u00e9al, Whoreganize!\u00a0\u00bb. La mobilisation pour la reconnaissance du travail selon le Comit\u00e9 autonome des travailleur\u00b7ses du sexe<\/a><br><em>\u00ab\u00a0Brut\u00a0\u00bb<\/em><br><em>par Maud Simonet et Claire Viv\u00e9s<\/em><\/p>\n\n\n\n<p style=\"font-size:13px;line-height:1.4\"><\/p>\n<\/div>\n\n\n\n<div class=\"wp-block-column is-layout-flow wp-block-column-is-layout-flow\">\n<h2 class=\"wp-block-heading has-vivid-red-color has-text-color has-medium-font-size\" style=\"text-transform:uppercase\">CHRONIQUES DU SAlariat<\/h2>\n\n\n\n<p class=\"has-small-font-size\" style=\"line-height:1.4\"><a href=\"http:\/\/www.revue-salariat.fr\/index.php\/2023\/11\/17\/derriere-la-retraite-a-64-ans-liquider-les-statuts-et-les-pensions-en-salaire-continue\/\">Derri\u00e8re la retraite \u00e0 64 ans, liquider les statuts et les pensions en salaire continu\u00e9 <\/a><br><em>par Nicolas Castel<\/em><a href=\"http:\/\/www.revue-salariat.fr\/index.php\/2023\/11\/17\/derriere-la-retraite-a-64-ans-liquider-les-statuts-et-les-pensions-en-salaire-continue\/\"><\/a><\/p>\n\n\n\n<p class=\"has-small-font-size\" style=\"line-height:1.4\"><a href=\"http:\/\/www.revue-salariat.fr\/index.php\/2022\/11\/10\/la-strategie-politique-duber-lobbying-et-dialogue-social\/\">La strat\u00e9gie politique d&rsquo;Uber: lobbying et dialogue social<\/a>. <br><em>par Anne Dufresn<\/em>e<\/p>\n\n\n\n<p class=\"has-small-font-size\" style=\"line-height:1.4\"><a rel=\"noreferrer noopener\" href=\"http:\/\/De quoi la lutte pour l\u2019emploi est-elle le nom ?\" target=\"_blank\">De quoi la lutte pour l\u2019emploi est-elle le nom?<\/a><br><em>par Mathieu Gr\u00e9goire<\/em><\/p>\n\n\n\n<p class=\"has-small-font-size\" style=\"line-height:1.4\"><a href=\"http:\/\/www.revue-salariat.fr\/index.php\/2022\/06\/22\/delivres-de-luberisation-lencourageante-condamnation-du-geant-de-la-livraison-au-penal\/\">D\u00e9livr\u00e9s de l\u2019ub\u00e9risation&nbsp;? L\u2019encourageante condamnation du g\u00e9ant de la livraison au p\u00e9nal<\/a><br><em>par Chlo\u00e9 Lebas<\/em><\/p>\n\n\n\n<p class=\"has-small-font-size\" style=\"line-height:1.4\"><a href=\"http:\/\/www.revue-salariat.fr\/index.php\/2021\/06\/21\/audience-et-representativite-syndicale-nouveau-coup-de-semonce-pour-les-organisations-syndicales\/\">Audience et repr\u00e9sentativit\u00e9 syndicale : nouveau coup de semonce pour les organisations syndicales<\/a><br><em>par Karel Yon<\/em><\/p>\n\n\n\n<p class=\"has-small-font-size\" style=\"line-height:1.4\"><a href=\"http:\/\/www.revue-salariat.fr\/index.php\/2021\/04\/20\/assurance-chomage-le-gouvernement-en-guerre-contre-la-solidarite-interprofessionnelle\/\">Assurance ch\u00f4mage: le gouvernement en guerre contre la solidarit\u00e9 interprofessionnelle<\/a><br><em>par Jean-Pascal Higel\u00e9<\/em><\/p>\n<\/div>\n<\/div>\n<\/div>\n<\/div>\n<\/div>\n<\/div>\n\n\n\n<p>&nbsp;<\/p>\n\n\n\n<p class=\"has-text-align-center\"><strong> <\/strong><\/p>\n\n\n\n<p>&nbsp;<\/p>\n\n\n\n<p>&nbsp;<\/p>\n\n\n\n<p><\/p>\n","protected":false},"excerpt":{"rendered":"<p>Actualit\u00e9sParis, 1er avril 2026 : Pr\u00e9sentation du n\u00b03 de la revue SalariatParis, 22 mai 2026 : rencontre avec Florence Ihaddadene autour de son livre \u00ab\u00a0Promesse d&#8217;embauche\u00a0\u00bb Une S\u00e9curit\u00e9 sociale pour tout? le n\u00b03 de la revue Salariat est disponible ! Derni\u00e8res publications mises en ligne Une s\u00e9curit\u00e9 sociale pour tout, par tous et toutes? Un &hellip; <\/p>\n<p class=\"link-more\"><a href=\"https:\/\/www.revue-salariat.fr\/\" class=\"more-link\">Continuer la lecture<span class=\"screen-reader-text\"> de &laquo;&nbsp;Bienvenue sur le site de la revue Salariat&nbsp;&raquo;<\/span><\/a><\/p>\n","protected":false},"author":1,"featured_media":0,"parent":0,"menu_order":0,"comment_status":"closed","ping_status":"closed","template":"","meta":{"footnotes":""},"class_list":["post-73","page","type-page","status-publish","hentry"],"_links":{"self":[{"href":"https:\/\/www.revue-salariat.fr\/index.php\/wp-json\/wp\/v2\/pages\/73","targetHints":{"allow":["GET"]}}],"collection":[{"href":"https:\/\/www.revue-salariat.fr\/index.php\/wp-json\/wp\/v2\/pages"}],"about":[{"href":"https:\/\/www.revue-salariat.fr\/index.php\/wp-json\/wp\/v2\/types\/page"}],"author":[{"embeddable":true,"href":"https:\/\/www.revue-salariat.fr\/index.php\/wp-json\/wp\/v2\/users\/1"}],"replies":[{"embeddable":true,"href":"https:\/\/www.revue-salariat.fr\/index.php\/wp-json\/wp\/v2\/comments?post=73"}],"version-history":[{"count":117,"href":"https:\/\/www.revue-salariat.fr\/index.php\/wp-json\/wp\/v2\/pages\/73\/revisions"}],"predecessor-version":[{"id":1695,"href":"https:\/\/www.revue-salariat.fr\/index.php\/wp-json\/wp\/v2\/pages\/73\/revisions\/1695"}],"wp:attachment":[{"href":"https:\/\/www.revue-salariat.fr\/index.php\/wp-json\/wp\/v2\/media?parent=73"}],"curies":[{"name":"wp","href":"https:\/\/api.w.org\/{rel}","templated":true}]}}