{"id":47,"date":"2020-11-04T22:13:02","date_gmt":"2020-11-04T21:13:02","guid":{"rendered":"http:\/\/www.revue-salariat.fr\/?page_id=47"},"modified":"2024-06-05T10:12:43","modified_gmt":"2024-06-05T08:12:43","slug":"la-revue-presentation","status":"publish","type":"page","link":"https:\/\/www.revue-salariat.fr\/index.php\/la-revue-presentation\/","title":{"rendered":"La Revue : pr\u00e9sentation"},"content":{"rendered":"\n<h2 class=\"wp-block-heading has-vivid-cyan-blue-color has-text-color\" style=\"font-size:24px\">Salariat \/ Une revue de sciences sociales<\/h2>\n\n\n\n<p><em>Salariat <\/em>est une revue de sciences sociales, fond\u00e9e \u00e0 l&rsquo;initiative de l&rsquo;Institut Europ\u00e9en du Salariat. Cette revue pluridisciplinaire s&rsquo;attache \u00e0 l\u2019\u00e9tude du salariat entendu comme rapport social, mais aussi comme classe sociale et comme ensemble institutionnel. Elle a ainsi vocation \u00e0 publier des travaux portant sur le travail, l\u2019emploi, la protection sociale, le syndicalisme ou les groupes sociaux en lien avec la question salariale (<em>pour en savoir plus sur le projet \u00e9ditorial, <a href=\"http:\/\/www.revue-salariat.fr\/index.php\/2024\/06\/04\/introduction-du-n1-paru-en-novembre-2022\/\">voir l&rsquo;article \u00ab\u00a0Pourquoi la revue \u00ab\u00a0Salariat\u00a0\u00bb?<\/a><\/em>).<\/p>\n\n\n\n<p>La revue publie des textes fond\u00e9s sur des approches empiriques aussi bien que th\u00e9oriques. Elle entend \u00e9galement participer au dialogue entre les sciences sociales et des acteurs et actrices non acad\u00e9miques.<\/p>\n\n\n\n<p>La revue se con\u00e7oit comme un espace intellectuel et scientifique d\u2019\u00e9change et de d\u00e9bats. Les articles soumis \u00e0 deux relecteurs et discut\u00e9s en comit\u00e9 de r\u00e9daction sont \u00e9valu\u00e9s \u00e0 l&rsquo;aune de l&rsquo;int\u00e9r\u00eat pour le d\u00e9bat et l&rsquo;analyse de l&rsquo;objet \u00ab\u00a0salariat\u00a0\u00bb. La revue ne se con\u00e7oit pas comme un espace d\u2019\u00e9valuation des chercheurs et des chercheuses sur le march\u00e9 du travail acad\u00e9mique.<\/p>\n\n\n\n<p><em>Salariat<\/em> et \u00e0 la fois une revue en ligne (ISSN : 2967-3666) et une revue \u00ab\u00a0papier\u00a0\u00bb (ISBN : 9782365123617)<\/p>\n\n\n\n<p>La revue est publi\u00e9e avec le soutien des laboratoires TETRAS de l&rsquo;Universit\u00e9 de Lorraine et IDHES de l&rsquo;Universit\u00e9 Paris-Nanterre.<\/p>\n\n\n\n<p><span style=\"font-family: sans-serif; font-size: small;\"><b> <\/b><br><\/span><\/p>\n\n\n\n<p>&nbsp;<\/p>\n","protected":false},"excerpt":{"rendered":"<p>Salariat \/ Une revue de sciences sociales Salariat est une revue de sciences sociales, fond\u00e9e \u00e0 l&rsquo;initiative de l&rsquo;Institut Europ\u00e9en du Salariat. Cette revue pluridisciplinaire s&rsquo;attache \u00e0 l\u2019\u00e9tude du salariat entendu comme rapport social, mais aussi comme classe sociale et comme ensemble institutionnel. Elle a ainsi vocation \u00e0 publier des travaux portant sur le travail, &hellip; <\/p>\n<p class=\"link-more\"><a href=\"https:\/\/www.revue-salariat.fr\/index.php\/la-revue-presentation\/\" class=\"more-link\">Continuer la lecture<span class=\"screen-reader-text\"> de &laquo;&nbsp;La Revue : pr\u00e9sentation&nbsp;&raquo;<\/span><\/a><\/p>\n","protected":false},"author":1,"featured_media":0,"parent":0,"menu_order":0,"comment_status":"closed","ping_status":"closed","template":"","meta":{"footnotes":""},"class_list":["post-47","page","type-page","status-publish","hentry"],"_links":{"self":[{"href":"https:\/\/www.revue-salariat.fr\/index.php\/wp-json\/wp\/v2\/pages\/47","targetHints":{"allow":["GET"]}}],"collection":[{"href":"https:\/\/www.revue-salariat.fr\/index.php\/wp-json\/wp\/v2\/pages"}],"about":[{"href":"https:\/\/www.revue-salariat.fr\/index.php\/wp-json\/wp\/v2\/types\/page"}],"author":[{"embeddable":true,"href":"https:\/\/www.revue-salariat.fr\/index.php\/wp-json\/wp\/v2\/users\/1"}],"replies":[{"embeddable":true,"href":"https:\/\/www.revue-salariat.fr\/index.php\/wp-json\/wp\/v2\/comments?post=47"}],"version-history":[{"count":21,"href":"https:\/\/www.revue-salariat.fr\/index.php\/wp-json\/wp\/v2\/pages\/47\/revisions"}],"predecessor-version":[{"id":1369,"href":"https:\/\/www.revue-salariat.fr\/index.php\/wp-json\/wp\/v2\/pages\/47\/revisions\/1369"}],"wp:attachment":[{"href":"https:\/\/www.revue-salariat.fr\/index.php\/wp-json\/wp\/v2\/media?parent=47"}],"curies":[{"name":"wp","href":"https:\/\/api.w.org\/{rel}","templated":true}]}}