{"id":157,"date":"2021-03-26T18:50:20","date_gmt":"2021-03-26T17:50:20","guid":{"rendered":"http:\/\/www.revue-salariat.fr\/?page_id=157"},"modified":"2023-12-06T15:05:25","modified_gmt":"2023-12-06T14:05:25","slug":"recommandations-aux-auteurs","status":"publish","type":"page","link":"https:\/\/www.revue-salariat.fr\/index.php\/recommandations-aux-auteurs\/","title":{"rendered":"Recommandations aux auteurs"},"content":{"rendered":"<p><img loading=\"lazy\" decoding=\"async\" class=\" wp-image-261 alignright\" src=\"http:\/\/www.revue-salariat.fr\/wp-content\/uploads\/2021\/03\/ecran-300x225.jpg\" alt=\"\" width=\"255\" height=\"191\">Les notes d\u2019intention (une dizaine de lignes) ou les propositions sont \u00e0 envoyer \u00e0 : postmaster@ies-salariat.org<\/p>\n<p style=\"text-align: left;\">La politique de la revue est d&rsquo;\u00e9viter une normalisation trop forte des textes propos\u00e9s. Toutefois les textes des&nbsp;<em>Notes <\/em>et les textes de la rubrique <em>Arr\u00eats sur images<\/em> sont limit\u00e9s \u00e0 20.000 signes.<\/p>\n<h3>Normes d&rsquo;\u00e9criture<\/h3>\n<p><em>Les normes de la revue correspondent globalement \u00e0 celles des Editions du Croquant.<\/em><\/p>\n<p><strong>Abr\u00e9viation (voir aussi Acronymes)<\/strong><\/p>\n<p>Dans les articles, on \u00e9vitera d\u2019abuser des abr\u00e9viations, car elles risquent de provoquer des difficult\u00e9s de compr\u00e9hension.<\/p>\n<p>Le point indiquant l\u2019abr\u00e9viation (dit \u00ab&nbsp;point abr\u00e9viatif&nbsp;\u00bb) ne remplace pas les signes de ponctuation qui la suivent (ainsi, si n\u00e9cessaire, une virgule devra suivre un point abr\u00e9viatif, l\u2019un ne remplace pas l\u2019autre). Seuls le point final et les points de suspension se confondent avec ce point.<\/p>\n<p><strong>Accent sur les capitales<\/strong><\/p>\n<p>La r\u00e8gle classique consiste \u00e0 syst\u00e9matiquement accentuer les capitales (y compris le \u00c0). Utilisez le cas \u00e9ch\u00e9ant les caract\u00e8res sp\u00e9ciaux que les traitements de texte permettent en g\u00e9n\u00e9ral d\u2019ins\u00e9rer.<\/p>\n<p><strong>Acronyme<\/strong><strong>&nbsp;<\/strong><\/p>\n<p>Les acronymes, ou sigles constitu\u00e9s des premi\u00e8res lettres d\u2019une s\u00e9rie de mots, s\u2019\u00e9crivent en majuscules, sans point entre les lettres ni \u00e0 la fin.<\/p>\n<p>Plusieurs r\u00e8gles permettent de d\u00e9terminer si l\u2019on \u00e9crit un acronyme enti\u00e8rement en majuscules ou avec une unique capitale initiale&nbsp;:<\/p>\n<p>&#8211; les acronymes de trois lettres et moins s\u2019\u00e9crivent en majuscules&nbsp;; au-del\u00e0, on peut passer en minuscules&nbsp;;<\/p>\n<p>&#8211; les acronymes qui peuvent se prononcer \u00ab&nbsp;comme un mot&nbsp;\u00bb s\u2019\u00e9crivent en minuscules (Benelux, Unesco)&nbsp;; ceux qui s\u2019\u00e9p\u00e8lent restent en capitales (FLNC, BNP)&nbsp;;<\/p>\n<p>&#8211; les acronymes d\u2019usage tr\u00e8s courant s\u2019\u00e9crivent en minuscules&nbsp;: Sida, voire sida.<\/p>\n<p>Le fait que des sigles s\u2019\u00e9crivent enti\u00e8rement en majuscules n\u2019impose aucunement que les expressions d\u2019origine s\u2019\u00e9crivent avec des majuscules initiales. \u00ab&nbsp;OTAN&nbsp;\u00bb s\u2019\u00e9crit en majuscules, mais on \u00e9crit \u00ab&nbsp;Organisation du trait\u00e9 de l\u2019Atlantique nord&nbsp;\u00bb.<\/p>\n<p><strong>Anti<\/strong><\/p>\n<p>Les mots d\u00e9butant par le pr\u00e9fixe <em>anti<\/em> s\u2019\u00e9crivent sans trait d\u2019union.<\/p>\n<p>Les principales exceptions \u00e0 cette r\u00e8gle sont&nbsp;:<\/p>\n<p>&#8211; les cas o\u00f9 le second \u00e9l\u00e9ment du mot commence par un <em>i<\/em>&nbsp;: anti-internet, anti-imp\u00e9rialisme&nbsp;;<\/p>\n<p>&#8211; lorsque le second mot est lui-m\u00eame un mot compos\u00e9&nbsp;: anti-franc-tireur, navire anti-sous-marin&nbsp;;<\/p>\n<p>&#8211; les mots construits de toute pi\u00e8ce selon un besoin sp\u00e9cifique&nbsp;: mur anti-bruit, anti-avortement.<\/p>\n<p><strong>Bibliographie<\/strong><\/p>\n<p>Si l\u2019on abr\u00e8ge le pr\u00e9nom de l\u2019auteur, il faut absolument un point abr\u00e9viatif \u00e0 tous les noms, et \u00e0 chaque \u00e9l\u00e9ment des pr\u00e9noms compos\u00e9s. Quand aux pr\u00e9noms compos\u00e9s, on conservera le trait d\u2019union. Par exemple&nbsp;: Jean-Paul s\u2019\u00e9crit J.-P. (le dernier point est bien un point abr\u00e9viatif). Attention \u00e0 ne pas confondre avec les pr\u00e9noms multiples (notamment am\u00e9ricains), qui ne contiennent pas de trait d\u2019union&nbsp;: H.&nbsp;G.&nbsp;Wells.<\/p>\n<p><strong>Le titre d\u2019un livre ou d\u2019une revue<\/strong> s\u2019\u00e9crit en italique, sans guillemets.<\/p>\n<p><strong>Le titre d\u2019un article<\/strong> s\u2019\u00e9crit en romain, avec des guillemets. Un article de site Web entrera dans cette cat\u00e9gorie.<\/p>\n<p><strong>Des usages diff\u00e9rents existent pour les notes de bas de page pr\u00e9cisant une r\u00e9f\u00e9rence. On proposera pour les publications du Croquant la formule suivante&nbsp;:<\/strong><\/p>\n<p><strong>pr\u00e9nom de l&rsquo;auteur, nom suivi d&rsquo;une virgule, titre du livre en italiques (avec le sous-titre), lieu de la publication, \u00e9diteur, ann\u00e9e de la publication, \u00e9ventuellement la ou les pages (p. dans tous les cas, \u00e0 \u00e9viter&nbsp;: pp.)<\/strong><\/p>\n<p><strong>Les articles acad\u00e9miques\/scientifiques doivent renseigner le vol. et le n\u00b0 apr\u00e8s le titre entre guillemets. <\/strong><\/p>\n<p><strong>La r\u00e8gle s\u2019applique \u00e9galement pour les publications \u00e9trang\u00e8res. \u00c0 noter que les sous-titres des livres anglophones sont pr\u00e9c\u00e9d\u00e9s de deux points sans espace (<em>XYZ: XYZ<\/em>), et les ouvrages collectifs sont not\u00e9s (\u00ab&nbsp;dir.&nbsp;\u00bb) ou \u00ab&nbsp;(eds.)&nbsp;\u00bb apr\u00e8s le nom du ou des coordinateur\/s.<\/strong><\/p>\n<p><strong>&nbsp;<\/strong><\/p>\n<p><strong>Citation<\/strong><\/p>\n<p>L&rsquo;usage le plus fr\u00e9quent consiste \u00e0 les pr\u00e9senter en romain et entre guillemets.<\/p>\n<p>Pour de longues citations, on pourra les mettre en \u00e9vidence en allant \u00e0 la ligne et en resserrant le texte par une marge \u00e0 droite et \u00e0 gauche.<\/p>\n<p>En fran\u00e7ais, on utilise <em>syst\u00e9matiquement<\/em> les guillemets ayant la forme de \u00ab&nbsp;deux petits chevrons&nbsp;\u00bb, et non les \u201cguillemets anglais\u201d.<\/p>\n<p>Pour pr\u00e9senter une citation \u00e0 l\u2019int\u00e9rieur d\u2019une autre citation, l\u2019usage actuel consiste \u00e0 diff\u00e9rencier cette seconde citation en l\u2019introduisant avec des guillemets anglais&nbsp;: \u00ab&nbsp;Dans son article sur la typographie en ligne, Bidule citait Sartre&nbsp;: \u201cAvec du savon de Marseille, \u00e7a va d\u00e9j\u00e0 mieux.\u201d&nbsp;\u00bb<\/p>\n<p>Lorsque la citation est une phrase compl\u00e8te, elle est pr\u00e9c\u00e9d\u00e9e par un deux-points et le point final est \u00e0 l\u2019int\u00e9rieur de la citation. Lorsque la citation est fondue dans la continuit\u00e9 d\u2019une phrase du texte, il ne faut pas la faire pr\u00e9c\u00e9der du deux-points, et le point final est rejet\u00e9 hors des guillemets.<\/p>\n<p>Pour indiquer qu\u2019une citation est tronqu\u00e9e, on utilisera des points de suspension plac\u00e9s avant le guillemet fermant.<\/p>\n<p>Pour indiquer une coupe \u00e0 l\u2019int\u00e9rieur d\u2019une citation, on utilisera [&#8230;] des points de suspension entre crochets. Cette indication est indispensable.<\/p>\n<p><strong>Contre<\/strong><\/p>\n<p>La plupart des mots compos\u00e9s avec le pr\u00e9fixe <em>contre<\/em> s\u2019\u00e9crivent avec un trait d\u2019union (\u00e0 l\u2019inverse de <em>anti<\/em>). Il existe une liste d\u2019exceptions d\u2019une cinquantaine de noms, tels <em>contresens<\/em> et <em>contrepoint<\/em>&nbsp;; en cas de doute, consulter un dictionnaire.<\/p>\n<p><strong>Date<\/strong><\/p>\n<p>Les dates s\u2019\u00e9crivent avec le num\u00e9ro du jour en chiffres arabes, le mois en toutes lettres (avec une minuscule initiale) et l\u2019ann\u00e9e en chiffres arabes (par exemple, \u00ab&nbsp;1<sup>er<\/sup> janvier 2019&nbsp;\u00bb).<\/p>\n<p><strong>Doctrines religieuses et philosophiques, \u00e9coles artistiques<\/strong><\/p>\n<p>Les doctrines, \u00e9coles, religions s\u2019\u00e9crivent en minuscules&nbsp;: le catholicisme, le juda\u00efsme, le structuralisme, l\u2019existentialisme, le communisme, l\u2019anarchie, le romantisme, le cubisme&#8230;<\/p>\n<p>De m\u00eame, le nom de leurs adeptes d\u2019\u00e9crit en minuscules&nbsp;: les catholiques, les juifs, les musulmans, les communistes, les romantiques&#8230;<\/p>\n<p>Exception&nbsp;: quelques rares groupes portent des noms propres&nbsp;: le Bauhaus, les Nabis, la Pl\u00e9iade&#8230;<\/p>\n<p>Les groupes politiques suivent les m\u00eames r\u00e8gles. On ne met une capitale initiale que lorsque l\u2019on cite la d\u00e9nomination exacte d\u2019un parti (sa \u00ab&nbsp;marque d\u00e9pos\u00e9e&nbsp;\u00bb)&nbsp;: le Rassemblement pour la R\u00e9publique, la Parti communiste fran\u00e7ais, le Parti socialiste&#8230;<\/p>\n<p><strong>\u00c9criture inclusive<\/strong><\/p>\n<p>Les articles peuvent \u00eatre r\u00e9dig\u00e9s en \u00e9criture inclusive, en utilisant le \u00ab point m\u00e9dian \u00bb dans les accords lorsque c\u2019est n\u00e9cessaire, et en veillant \u00e0 un usage parcimonieux et all\u00e9g\u00e9. Par exemple, on \u00e9crira \u00ab\u00a0salari\u00e9\u00b7es\u00a0\u00bb plut\u00f4t que \u00ab\u00a0salari\u00e9\u00b7e\u00b7s\u00a0\u00bb. Sur un Mac, le raccourci est : Maj. + alt (option) + F. Sur un PC, taper 0183 avec la touche Alt enfonc\u00e9e. On pourra en d\u00e9couvrir les usages \u00e0 l\u2019adresse suivante : https:\/\/www.ecriture-inclusive.fr\/.<\/p>\n<p><strong>\u00c9poque<\/strong><\/p>\n<p>Lorsqu\u2019une \u00e9poque est d\u00e9sign\u00e9e sous un nom propre, elle s\u2019\u00e9crit avec une majuscule initiale&nbsp;: le Tertiaire, le Quaternaire, la Renaissance, l\u2019Antiquit\u00e9&#8230;<\/p>\n<p>\u00c0 l\u2019inverse, lorsqu\u2019on d\u00e9signe une \u00e9poque par une \u00ab&nbsp;\u00e8re de&#8230;&nbsp;\u00bb, un \u00ab&nbsp;\u00e2ge de&#8230;&nbsp;\u00bb, on n\u2019utilise pas de majuscule&nbsp;: l\u2019\u00e2ge de bronze, l\u2019\u00e2ge de la pierre, l\u2019\u00e8re tertiaire, l\u2019\u00e8re chr\u00e9tienne, les grandes invasions.<\/p>\n<p>Le Moyen \u00c2ge porte deux majuscules et ne contient pas de tiret de liaison.<\/p>\n<p><strong>\u00c9tat<\/strong><\/p>\n<p>Lorsqu\u2019il d\u00e9signe un pays ou son gouvernement, le mot <em>\u00c9tat<\/em> commence par une majuscule&nbsp;: au service de l\u2019\u00c9tat, un secret d\u2019\u00c9tat, l\u2019\u00c9tat d\u2019Isra\u00ebl, un \u00c9tat palestinien&#8230;.<\/p>\n<p>D\u00e9barrass\u00e9 de cette dimension symbolique (li\u00e9e au pays), il s\u2019\u00e9crit avec une minuscule&nbsp;: \u00e9tat civil, \u00e9tat d\u2019\u00e2me.<\/p>\n<p><strong>Habitant<\/strong><\/p>\n<p>Les \u00eatres humains n\u00e9s quelque part ou d\u2019une certaine couleur prennent syst\u00e9matiquement une majuscule&nbsp;: les Am\u00e9ricains, les Fran\u00e7ais, les Chinois, les Parisiens, un New-Yorkais, un Noir&#8230;<\/p>\n<p>Les adjectifs et les langues prennent une minuscule&nbsp;: le peuple fran\u00e7ais, le flegme britannique&nbsp;; ici, on parle le fran\u00e7ais et l\u2019italien&#8230;<\/p>\n<p><strong>Internet<\/strong><\/p>\n<p>L\u2019usage est en train de se fixer&nbsp;: de la m\u00eame fa\u00e7on qu\u2019en anglais, <em>on the internet<\/em>, on navigue \u00ab&nbsp;sur l\u2019internet&nbsp;\u00bb, nom commun pr\u00e9c\u00e9d\u00e9 d\u2019un article et sans majuscule.<\/p>\n<p>\u00c0 la rigueur, on peut naviguer \u00ab&nbsp;sur Internet&nbsp;\u00bb, mais pas \u00ab&nbsp;sur internet&nbsp;\u00bb ou \u00ab&nbsp;sur l\u2019Internet&nbsp;\u00bb.<\/p>\n<p><strong>Locution latine<\/strong><\/p>\n<p>Les locutions latines, comme les mots \u00e9trangers, se composent en italique&nbsp;: <em>ad hoc<\/em>, <em>idem<\/em>, <em>a fortiori<\/em>, <em>vice versa<\/em>&#8230; Les expressions latines pass\u00e9es dans le langage courant se composent directement en romain, parfois accentu\u00e9es&nbsp;: duplicata, m\u00e9mento, post-scriptum&#8230;<\/p>\n<p><strong>Mots importants<\/strong><\/p>\n<p>On veut souvent, dans un texte, mettre certains mots ou expressions importants en relief.<\/p>\n<p>L\u2019usage classique recommande de faire ressortir ces mots en les pla\u00e7ant en romain et \u00ab&nbsp;entre guillemets&nbsp;\u00bb. Cependant, aujourd\u2019hui, pour beaucoup de lecteurs ce proc\u00e9d\u00e9 ne se contente pas de mettre le mot en relief, mais aussi introduit de plus une distance entre l\u2019auteur et ce mot, donc lui attache une connotation n\u00e9gative.<\/p>\n<p>Si on ne veut pas cr\u00e9er cette distance, on pr\u00e9f\u00e9rera faire ressortir les mots importants en les \u00e9crivant <em>en italique<\/em>.<\/p>\n<p><strong>Mots \u00e9trangers<\/strong><\/p>\n<p>Les mots et les expressions donn\u00e9s dans une langue \u00e9trang\u00e8re s\u2019\u00e9crivent en italique, sans guillemets. Cependant, les mots \u00e9trangers pass\u00e9s dans le langage courant fran\u00e7ais s\u2019\u00e9crivent en romain&nbsp;: week-end, match&#8230;<\/p>\n<p><strong>R\u00e9f\u00e9rences bibliographiques<\/strong><\/p>\n<p>Principe g\u00e9n\u00e9ral&nbsp;: les mettre en notes de bas de page (voir plus haut dans Bibliographie la pr\u00e9sentation souhait\u00e9e), apr\u00e8s un appel de note dans le corps du texte (sans espace et <em>avant<\/em> tout signe de ponctuation mais, le cas \u00e9ch\u00e9ant, <em>apr\u00e8s<\/em> le guillemet chevron fermant). \u00c9viter par cons\u00e9quent la pr\u00e9sentation dite \u00ab&nbsp;am\u00e9ricaine&nbsp;\u00bb (auteur et ann\u00e9e de publication entre parenth\u00e8ses renvoyant \u00e0 une liste bibliographique en fin de volume).<\/p>\n<p><strong>Article<\/strong><\/p>\n<p>Fr\u00e9d\u00e9ric Lebaron \u00ab Le \u201cNobel\u201d d\u2019\u00e9conomie. Une politique \u00bb, <em>Actes de la recherche en sciences sociales<\/em>, n\u00b0 141-142, 2002, p. 62-66. Indiquer le volume avant le num\u00e9ro, s\u2019il est fait mention de cette donn\u00e9e.<\/p>\n<p><strong>Ouvrage<\/strong><\/p>\n<p>Claude L\u00e9vi-Strauss, <em>La voie des masques<\/em>, Paris, Plon, 1979.<\/p>\n<p>NB : Ne pas oublier le sous-titre le cas \u00e9ch\u00e9ant. Pas n\u00e9cessaire d\u2019indiquer la collection.<\/p>\n<p>Pour les publications en anglais, les mots principaux des titres prennent une majuscule initiale (et pas d\u2019espace avant les ponctuations comme \u00ab : \u00bb ou \u00ab ? \u00bb) ; en allemand, les substantifs prennent une majuscule initiale.<\/p>\n<p><strong>Chapitre<\/strong><\/p>\n<p>Rudy M. Leonelli, \u00ab Foucault lecteur du Capital \u00bb, <em>in<\/em> Christian Laval, Luca Paltrineri et Ferhat Taylan (dir.), <em>Marx &amp; Foucault. Lectures, usages, confrontations<\/em>, Paris, La D\u00e9couverte, 2014, p. 59-79.<\/p>\n<p>NB : Lorsque l\u2019ouvrage est collectif et anglophone, indiquer \u00ab (ed.) \u00bb au lieu de \u00ab (dir.) \u00bb pour l\u2019auteur\/autrice ayant dirig\u00e9 l\u2019ouvrage, \u00ab (eds.) \u00bb en cas de direction collective.<\/p>\n<p><strong>Th\u00e8se<\/strong><\/p>\n<p>NB : Renaud Garcia, <em>Nature humaine et anarchie : la pens\u00e9e de Pierre Kropotkine<\/em>, Th\u00e8se de philosophie, \u00c9cole Normale Sup\u00e9rieure, Lyon, 2012 (indiquer le folio de cette mani\u00e8re \u00ab f\u00b014 \u00bb).<\/p>\n<p><strong>Article de presse<\/strong><\/p>\n<p>Pr\u00e9nom Nom, \u00ab titre de l&rsquo;article en caract\u00e8res romains et guillemets \u00bb, titre du journal en italique, date de publication (par exemple : 15 ao\u00fbt 2018).<\/p>\n<p>NB : les posts de blogs int\u00e8grent l\u2019URL apr\u00e8s la date de publication, et \u00e0 la fin la date de derni\u00e8re consultation (\u00ab&nbsp;consult\u00e9 le jour moi ann\u00e9e&nbsp;\u00bb).<\/p>\n<p><strong>Nota bene : en cas de r\u00e9p\u00e9tition des r\u00e9f\u00e9rences dans les notes, on appliquera les r\u00e8gles qui suivent : <\/strong><\/p>\n<p><strong>&nbsp;<\/strong><\/p>\n<p><strong>Article<\/strong><\/p>\n<p>Fr\u00e9d\u00e9ric Lebaron \u00ab Le \u201cNobel\u201d d\u2019\u00e9conomie \u00bb, art. cit., p. X. [pas n\u00e9cessaire de citer le sous-titre]<\/p>\n<p><strong>Ouvrage<\/strong><\/p>\n<p>Claude L\u00e9vi-Strauss, <em>La voie des masques, op. cit. <\/em>[pas n\u00e9cessaire de citer le sous-titre]<\/p>\n<p><strong>Chapitre<\/strong><\/p>\n<p>Rudy M. Leonelli, \u00ab Foucault lecteur du Capital \u00bb, <em>in<\/em> Christian Laval, Luca Paltrineri et Ferhat Taylan (dir.), <em>Marx &amp; Foucault, op. cit.<\/em>, p. X<\/p>\n<p>Lorsqu\u2019une r\u00e9f\u00e9rence \u2013 quel que soit son statut \u2013 est de nouveau cit\u00e9e dans la note qui suit imm\u00e9diatement une citation en note, il faudra noter \u00ab&nbsp;<em>Ibid.<\/em>, p. X&nbsp;\u00bb.<\/p>\n<p><strong>NB&nbsp;: sous Zotero, une feuille de style la revue <em>Zilsel<\/em> (Croquant) a \u00e9t\u00e9 cr\u00e9\u00e9e qui reprend ces normes, \u00e0 retrouver ici&nbsp;: https:\/\/www.zotero.org\/styles?q=french<\/strong><\/p>\n<p><strong>&nbsp;<\/strong><\/p>\n<p><strong>Si\u00e8cle<\/strong><\/p>\n<p>Les si\u00e8cles s\u2019\u00e9crivent en chiffres romains en petites capitales, avec un e en exposant&nbsp;: le xx<sup>e<\/sup>&nbsp;si\u00e8cle.<\/p>\n\n\n<h2 class=\"wp-block-heading\"><\/h2>\n","protected":false},"excerpt":{"rendered":"<p>Les notes d\u2019intention (une dizaine de lignes) ou les propositions sont \u00e0 envoyer \u00e0 : postmaster@ies-salariat.org La politique de la revue est d&rsquo;\u00e9viter une normalisation trop forte des textes propos\u00e9s. Toutefois les textes des&nbsp;Notes et les textes de la rubrique Arr\u00eats sur images sont limit\u00e9s \u00e0 20.000 signes. Normes d&rsquo;\u00e9criture Les normes de la revue &hellip; <\/p>\n<p class=\"link-more\"><a href=\"https:\/\/www.revue-salariat.fr\/index.php\/recommandations-aux-auteurs\/\" class=\"more-link\">Continuer la lecture<span class=\"screen-reader-text\"> de &laquo;&nbsp;Recommandations aux auteurs&nbsp;&raquo;<\/span><\/a><\/p>\n","protected":false},"author":1,"featured_media":0,"parent":0,"menu_order":0,"comment_status":"closed","ping_status":"closed","template":"","meta":{"footnotes":""},"class_list":["post-157","page","type-page","status-publish","hentry"],"_links":{"self":[{"href":"https:\/\/www.revue-salariat.fr\/index.php\/wp-json\/wp\/v2\/pages\/157","targetHints":{"allow":["GET"]}}],"collection":[{"href":"https:\/\/www.revue-salariat.fr\/index.php\/wp-json\/wp\/v2\/pages"}],"about":[{"href":"https:\/\/www.revue-salariat.fr\/index.php\/wp-json\/wp\/v2\/types\/page"}],"author":[{"embeddable":true,"href":"https:\/\/www.revue-salariat.fr\/index.php\/wp-json\/wp\/v2\/users\/1"}],"replies":[{"embeddable":true,"href":"https:\/\/www.revue-salariat.fr\/index.php\/wp-json\/wp\/v2\/comments?post=157"}],"version-history":[{"count":8,"href":"https:\/\/www.revue-salariat.fr\/index.php\/wp-json\/wp\/v2\/pages\/157\/revisions"}],"predecessor-version":[{"id":1178,"href":"https:\/\/www.revue-salariat.fr\/index.php\/wp-json\/wp\/v2\/pages\/157\/revisions\/1178"}],"wp:attachment":[{"href":"https:\/\/www.revue-salariat.fr\/index.php\/wp-json\/wp\/v2\/media?parent=157"}],"curies":[{"name":"wp","href":"https:\/\/api.w.org\/{rel}","templated":true}]}}